{"id":3092,"date":"2020-02-25T08:13:49","date_gmt":"2020-02-25T08:13:49","guid":{"rendered":"https:\/\/help.2dscanner.com\/startseite\/"},"modified":"2024-10-05T07:53:26","modified_gmt":"2024-10-05T07:53:26","slug":"startseite","status":"publish","type":"page","link":"https:\/\/help.2dscanner.com\/de\/","title":{"rendered":"Startseite"},"content":{"rendered":"<section class=\"wpb-content-wrapper\"><p>[vc_row row_content_display=&#8221;in_grid&#8221; row_content_display_align=&#8221;left&#8221; row_type=&#8221;row&#8221; stretch_row_type=&#8221;yes&#8221;][vc_column][\/vc_column][\/vc_row][vc_row row_content_display=&#8221;in_grid&#8221; row_content_display_align=&#8221;left&#8221; row_type=&#8221;row&#8221; stretch_row_type=&#8221;yes&#8221;][vc_column][vc_column_text]<\/p>\n<h1>2dscanner-Hilfedateien<\/h1>\n<p>&nbsp;<\/p>\n<h3><a href=\"https:\/\/help.2dscanner.com\/de\/documentation\/2dscanner-pro-app\/\">Pro Anwendung<\/a><\/h3>\n<p>  Entdecken Sie die neue Anwendung f\u00fcr 2dscanner und ihre Funktionen.  <\/p>\n<h3><\/h3>\n<h3><a href=\"https:\/\/help.2dscanner.com\/de\/documentation\/windows-editor-anwendung\/\">Herausgeber<\/a><\/h3>\n<p>  Leichtgewichtige und dennoch leistungsstarke Software in Windows zur Verwaltung der Cloud-Punkte.  &nbsp;<\/p>\n<h3><a href=\"https:\/\/help.2dscanner.com\/de\/documentation\/das-2dscanner-geraet\/\">Ger\u00e4t<\/a><\/h3>\n<p>  Erkunden Sie Ihr Ger\u00e4t kurz.  &nbsp;<\/p>\n<h3><a href=\"https:\/\/2dscanner.com\/\">Zur\u00fcck zur offiziellen 2dscanner-Webseite<\/a><\/h3>\n<p>  Zur\u00fcck zur Hauptseite von 2dscanner.  &nbsp;<\/p>\n<h3><a href=\"https:\/\/2dscanner.com\/contact\/\">Kontakt<\/a><\/h3>\n<p>[\/vc_column_text][\/vc_column][\/vc_row]<\/p>\n<\/section>","protected":false},"excerpt":{"rendered":"<p>[vc_row row_content_display=&#8221;in_grid&#8221; row_content_display_align=&#8221;left&#8221; row_type=&#8221;row&#8221; stretch_row_type=&#8221;yes&#8221;][vc_column][\/vc_column][\/vc_row][vc_row row_content_display=&#8221;in_grid&#8221; row_content_display_align=&#8221;left&#8221; row_type=&#8221;row&#8221; stretch_row_type=&#8221;yes&#8221;][vc_column][vc_column_text] 2dscanner-Hilfedateien &nbsp; Pro Anwendung Entdecken Sie die neue Anwendung f\u00fcr 2dscanner und ihre Funktionen. Herausgeber Leichtgewichtige und dennoch leistungsstarke Software in Windows zur Verwaltung der Cloud-Punkte. &nbsp; Ger\u00e4t Erkunden Sie Ihr Ger\u00e4t kurz. &nbsp; Zur\u00fcck zur offiziellen 2dscanner-Webseite Zur\u00fcck zur Hauptseite von 2dscanner. &nbsp; Kontakt [\/vc_column_text][\/vc_column][\/vc_row]<\/p>\n","protected":false},"author":1,"featured_media":0,"parent":0,"menu_order":0,"comment_status":"closed","ping_status":"closed","template":"template-page-full-width-vc.php","meta":{"footnotes":""},"class_list":["post-3092","page","type-page","status-publish","hentry"],"_links":{"self":[{"href":"https:\/\/help.2dscanner.com\/de\/wp-json\/wp\/v2\/pages\/3092","targetHints":{"allow":["GET"]}}],"collection":[{"href":"https:\/\/help.2dscanner.com\/de\/wp-json\/wp\/v2\/pages"}],"about":[{"href":"https:\/\/help.2dscanner.com\/de\/wp-json\/wp\/v2\/types\/page"}],"author":[{"embeddable":true,"href":"https:\/\/help.2dscanner.com\/de\/wp-json\/wp\/v2\/users\/1"}],"replies":[{"embeddable":true,"href":"https:\/\/help.2dscanner.com\/de\/wp-json\/wp\/v2\/comments?post=3092"}],"version-history":[{"count":17,"href":"https:\/\/help.2dscanner.com\/de\/wp-json\/wp\/v2\/pages\/3092\/revisions"}],"predecessor-version":[{"id":5682,"href":"https:\/\/help.2dscanner.com\/de\/wp-json\/wp\/v2\/pages\/3092\/revisions\/5682"}],"wp:attachment":[{"href":"https:\/\/help.2dscanner.com\/de\/wp-json\/wp\/v2\/media?parent=3092"}],"curies":[{"name":"wp","href":"https:\/\/api.w.org\/{rel}","templated":true}]}}