{"id":3106,"date":"2020-02-25T08:13:49","date_gmt":"2020-02-25T08:13:49","guid":{"rendered":"https:\/\/help.2dscanner.com\/accueil\/"},"modified":"2024-10-05T07:53:26","modified_gmt":"2024-10-05T07:53:26","slug":"accueil","status":"publish","type":"page","link":"https:\/\/help.2dscanner.com\/fr\/","title":{"rendered":"Accueil"},"content":{"rendered":"<section class=\"wpb-content-wrapper\"><p>[vc_row row_content_display=&#8221;in_grid&#8221; row_content_display_align=&#8221;left&#8221; row_type=&#8221;row&#8221; stretch_row_type=&#8221;yes&#8221;][vc_column][\/vc_column][\/vc_row][vc_row row_content_display=&#8221;in_grid&#8221; row_content_display_align=&#8221;left&#8221; row_type=&#8221;row&#8221; stretch_row_type=&#8221;yes&#8221;][vc_column][vc_column_text]<\/p>\n<h1>Fichiers d&#8217;aide de 2dscanner<\/h1>\n<p>&nbsp;<\/p>\n<h3><a href=\"https:\/\/help.2dscanner.com\/de\/documentation\/2dscanner-pro-app\/\">Application Pro<\/a><\/h3>\n<p>  D\u00e9couvrez la nouvelle application pour 2dscanner et ses fonctions.  <\/p>\n<h3><\/h3>\n<h3><a href=\"https:\/\/help.2dscanner.com\/fr\/documentation\/application-de-lediteur-windows\/\">\u00c9diteur<\/a><\/h3>\n<p>  Logiciel l\u00e9ger mais puissant sous Windows pour la gestion des points d&#8217;acc\u00e8s aux nuages.  &nbsp;<\/p>\n<h3><a href=\"https:\/\/help.2dscanner.com\/fr\/documentation\/le-dispositif-2dscanner\/\">Dispositif<\/a><\/h3>\n<p>  Explorez bri\u00e8vement votre appareil.  &nbsp;<\/p>\n<h3><a href=\"https:\/\/2dscanner.com\/\">Retour \u00e0 la page web officielle de 2dscanner<\/a><\/h3>\n<p>  Retour \u00e0 la page principale de 2dscanner.  &nbsp;<\/p>\n<h3><a href=\"https:\/\/2dscanner.com\/contact\/\">Nous contacter<\/a><\/h3>\n<p>[\/vc_column_text][\/vc_column][\/vc_row]<\/p>\n<\/section>","protected":false},"excerpt":{"rendered":"<p>[vc_row row_content_display=&#8221;in_grid&#8221; row_content_display_align=&#8221;left&#8221; row_type=&#8221;row&#8221; stretch_row_type=&#8221;yes&#8221;][vc_column][\/vc_column][\/vc_row][vc_row row_content_display=&#8221;in_grid&#8221; row_content_display_align=&#8221;left&#8221; row_type=&#8221;row&#8221; stretch_row_type=&#8221;yes&#8221;][vc_column][vc_column_text] Fichiers d&#8217;aide de 2dscanner &nbsp; Application Pro D\u00e9couvrez la nouvelle application pour 2dscanner et ses fonctions. \u00c9diteur Logiciel l\u00e9ger mais puissant sous Windows pour la gestion des points d&#8217;acc\u00e8s aux nuages. &nbsp; Dispositif Explorez bri\u00e8vement votre appareil. &nbsp; Retour \u00e0 la page web officielle de 2dscanner [&hellip;]<\/p>\n","protected":false},"author":1,"featured_media":0,"parent":0,"menu_order":0,"comment_status":"closed","ping_status":"closed","template":"template-page-full-width-vc.php","meta":{"footnotes":""},"class_list":["post-3106","page","type-page","status-publish","hentry"],"_links":{"self":[{"href":"https:\/\/help.2dscanner.com\/fr\/wp-json\/wp\/v2\/pages\/3106","targetHints":{"allow":["GET"]}}],"collection":[{"href":"https:\/\/help.2dscanner.com\/fr\/wp-json\/wp\/v2\/pages"}],"about":[{"href":"https:\/\/help.2dscanner.com\/fr\/wp-json\/wp\/v2\/types\/page"}],"author":[{"embeddable":true,"href":"https:\/\/help.2dscanner.com\/fr\/wp-json\/wp\/v2\/users\/1"}],"replies":[{"embeddable":true,"href":"https:\/\/help.2dscanner.com\/fr\/wp-json\/wp\/v2\/comments?post=3106"}],"version-history":[{"count":13,"href":"https:\/\/help.2dscanner.com\/fr\/wp-json\/wp\/v2\/pages\/3106\/revisions"}],"predecessor-version":[{"id":5680,"href":"https:\/\/help.2dscanner.com\/fr\/wp-json\/wp\/v2\/pages\/3106\/revisions\/5680"}],"wp:attachment":[{"href":"https:\/\/help.2dscanner.com\/fr\/wp-json\/wp\/v2\/media?parent=3106"}],"curies":[{"name":"wp","href":"https:\/\/api.w.org\/{rel}","templated":true}]}}